{"id":11491,"date":"2025-12-13T14:21:32","date_gmt":"2025-12-13T14:21:32","guid":{"rendered":"https:\/\/divcibareskiresort.com\/o-nama\/"},"modified":"2026-02-21T14:04:28","modified_gmt":"2026-02-21T14:04:28","slug":"about-us","status":"publish","type":"page","link":"https:\/\/divcibareskiresort.com\/en\/about-us\/","title":{"rendered":"About us"},"content":{"rendered":"\t\t<div data-elementor-type=\"wp-page\" data-elementor-id=\"11491\" class=\"elementor elementor-11491 elementor-9564\">\n\t\t\t\t\t\t<section class=\"elementor-section elementor-top-section elementor-element elementor-element-8e44bb1 elementor-section-full_width elementor-section-height-full elementor-section-content-middle elementor-section-stretched elementor-hidden-mobile elementor-section-height-default elementor-section-items-middle qodef-elementor-content-no\" data-id=\"8e44bb1\" data-element_type=\"section\" data-e-type=\"section\" data-settings=\"{&quot;stretch_section&quot;:&quot;section-stretched&quot;,&quot;background_background&quot;:&quot;classic&quot;}\">\n\t\t\t\t\t\t\t<div class=\"elementor-background-overlay\"><\/div>\n\t\t\t\t\t\t\t<div class=\"elementor-container elementor-column-gap-default\">\n\t\t\t\t\t<div class=\"elementor-column elementor-col-100 elementor-top-column elementor-element elementor-element-92127c3\" data-id=\"92127c3\" data-element_type=\"column\" data-e-type=\"column\">\n\t\t\t<div class=\"elementor-widget-wrap elementor-element-populated\">\n\t\t\t\t\t\t<div class=\"elementor-element elementor-element-34f3c05 elementor-widget elementor-widget-montagne_core_section_title\" data-id=\"34f3c05\" data-element_type=\"widget\" data-e-type=\"widget\" data-widget_type=\"montagne_core_section_title.default\">\n\t\t\t\t<div class=\"elementor-widget-container\">\n\t\t\t\t\t<div class=\"qodef-shortcode qodef-m qodef-section-title qodef-alignment--center\">\n\t\t\t<h1 class=\"qodef-m-title\" style=\"color: #FFFFFF\">\n\t\t\t\t\tAbout us\t\t\t<\/h1>\n\t<\/div>\n\t\t\t\t<\/div>\n\t\t\t\t<\/div>\n\t\t\t\t\t<\/div>\n\t\t<\/div>\n\t\t\t\t\t<\/div>\n\t\t<\/section>\n\t\t\t\t<section class=\"elementor-section elementor-top-section elementor-element elementor-element-a1521f3 elementor-section-full_width elementor-section-height-min-height elementor-section-content-middle elementor-section-stretched elementor-hidden-desktop elementor-hidden-tablet elementor-section-height-default elementor-section-items-middle qodef-elementor-content-no\" data-id=\"a1521f3\" data-element_type=\"section\" data-e-type=\"section\" data-settings=\"{&quot;stretch_section&quot;:&quot;section-stretched&quot;,&quot;background_background&quot;:&quot;classic&quot;}\">\n\t\t\t\t\t\t\t<div class=\"elementor-background-overlay\"><\/div>\n\t\t\t\t\t\t\t<div class=\"elementor-container elementor-column-gap-default\">\n\t\t\t\t\t<div class=\"elementor-column elementor-col-100 elementor-top-column elementor-element elementor-element-4737819\" data-id=\"4737819\" data-element_type=\"column\" data-e-type=\"column\">\n\t\t\t<div class=\"elementor-widget-wrap elementor-element-populated\">\n\t\t\t\t\t\t<div class=\"elementor-element elementor-element-ee8fad5 elementor-widget elementor-widget-montagne_core_section_title\" data-id=\"ee8fad5\" data-element_type=\"widget\" data-e-type=\"widget\" data-widget_type=\"montagne_core_section_title.default\">\n\t\t\t\t<div class=\"elementor-widget-container\">\n\t\t\t\t\t<div class=\"qodef-shortcode qodef-m qodef-section-title qodef-alignment--center\">\n\t\t\t<h1 class=\"qodef-m-title\" style=\"color: #FFFFFF\">\n\t\t\t\t\tAbout us\t\t\t<\/h1>\n\t<\/div>\n\t\t\t\t<\/div>\n\t\t\t\t<\/div>\n\t\t\t\t\t<\/div>\n\t\t<\/div>\n\t\t\t\t\t<\/div>\n\t\t<\/section>\n\t\t<div class=\"elementor-element elementor-element-d93433b e-flex e-con-boxed qodef-elementor-content-no e-con e-parent\" data-id=\"d93433b\" data-element_type=\"container\" data-e-type=\"container\">\n\t\t\t\t\t<div class=\"e-con-inner\">\n\t\t\t\t<div class=\"elementor-element elementor-element-60d9c8f elementor-widget__width-inherit elementor-view-default elementor-widget elementor-widget-icon\" data-id=\"60d9c8f\" data-element_type=\"widget\" data-e-type=\"widget\" data-widget_type=\"icon.default\">\n\t\t\t\t\t\t\t<div class=\"elementor-icon-wrapper\">\n\t\t\t<a class=\"elementor-icon\" href=\"#scroll\">\n\t\t\t<svg aria-hidden=\"true\" class=\"e-font-icon-svg e-fas-chevron-down\" viewBox=\"0 0 448 512\" xmlns=\"http:\/\/www.w3.org\/2000\/svg\"><path d=\"M207.029 381.476L12.686 187.132c-9.373-9.373-9.373-24.569 0-33.941l22.667-22.667c9.357-9.357 24.522-9.375 33.901-.04L224 284.505l154.745-154.021c9.379-9.335 24.544-9.317 33.901.04l22.667 22.667c9.373 9.373 9.373 24.569 0 33.941L240.971 381.476c-9.373 9.372-24.569 9.372-33.942 0z\"><\/path><\/svg>\t\t\t<\/a>\n\t\t<\/div>\n\t\t\t\t\t\t<\/div>\n\t\t\t\t<div class=\"elementor-element elementor-element-ecb318a elementor-widget elementor-widget-menu-anchor\" data-id=\"ecb318a\" data-element_type=\"widget\" data-e-type=\"widget\" data-widget_type=\"menu-anchor.default\">\n\t\t\t\t\t\t\t<div class=\"elementor-menu-anchor\" id=\"scroll\"><\/div>\n\t\t\t\t\t\t<\/div>\n\t\t\t\t\t<\/div>\n\t\t\t\t<\/div>\n\t\t\t\t<section class=\"elementor-section elementor-top-section elementor-element elementor-element-cc7e67c elementor-section-full_width qodef-elementor-content-grid elementor-section-height-default elementor-section-height-default\" data-id=\"cc7e67c\" data-element_type=\"section\" data-e-type=\"section\">\n\t\t\t\t\t\t<div class=\"elementor-container elementor-column-gap-default\">\n\t\t\t\t\t<div class=\"elementor-column elementor-col-50 elementor-top-column elementor-element elementor-element-a622f05\" data-id=\"a622f05\" data-element_type=\"column\" data-e-type=\"column\">\n\t\t\t<div class=\"elementor-widget-wrap elementor-element-populated\">\n\t\t\t\t\t\t<div class=\"elementor-element elementor-element-f72ba73 elementor-widget elementor-widget-montagne_core_section_title\" data-id=\"f72ba73\" data-element_type=\"widget\" data-e-type=\"widget\" data-widget_type=\"montagne_core_section_title.default\">\n\t\t\t\t<div class=\"elementor-widget-container\">\n\t\t\t\t\t<div class=\"qodef-shortcode qodef-m qodef-section-title qodef-alignment--left\">\n\t\t\t<h2 class=\"qodef-m-title\" >\n\t\t\t\t\tDiv\u010dibare\t\t\t<\/h2>\n\t<\/div>\n\t\t\t\t<\/div>\n\t\t\t\t<\/div>\n\t\t\t\t<section class=\"elementor-section elementor-inner-section elementor-element elementor-element-1fee149 elementor-section-boxed elementor-section-height-default elementor-section-height-default qodef-elementor-content-no\" data-id=\"1fee149\" data-element_type=\"section\" data-e-type=\"section\">\n\t\t\t\t\t\t<div class=\"elementor-container elementor-column-gap-default\">\n\t\t\t\t\t<div class=\"elementor-column elementor-col-100 elementor-inner-column elementor-element elementor-element-72349b3\" data-id=\"72349b3\" data-element_type=\"column\" data-e-type=\"column\">\n\t\t\t<div class=\"elementor-widget-wrap elementor-element-populated\">\n\t\t\t\t\t\t<div class=\"elementor-element elementor-element-9ccf0cf elementor-widget elementor-widget-text-editor\" data-id=\"9ccf0cf\" data-element_type=\"widget\" data-e-type=\"widget\" data-widget_type=\"text-editor.default\">\n\t\t\t\t\t\t\t\t\t<p>Div\u010dibare Mountain, located in the western part of Serbia, is one of the most popular tourist destinations in the country due to its diverse offer throughout the year. With its proximity and good connection to big cities, Div\u010dibare becomes an easily accessible destination for all those who yearn for a vacation in nature.<\/p>\t\t\t\t\t\t\t\t<\/div>\n\t\t\t\t\t<\/div>\n\t\t<\/div>\n\t\t\t\t\t<\/div>\n\t\t<\/section>\n\t\t\t\t<div class=\"elementor-element elementor-element-7998f0e elementor-widget elementor-widget-qi_addons_for_elementor_separator\" data-id=\"7998f0e\" data-element_type=\"widget\" data-e-type=\"widget\" data-widget_type=\"qi_addons_for_elementor_separator.default\">\n\t\t\t\t<div class=\"elementor-widget-container\">\n\t\t\t\t\t<div class=\"qodef-shortcode qodef-m qodef-qi-separator qodef-qi-clear qodef-separator--standard qodef-position--center\">\n\t<div class=\"qodef-m-line\"><\/div>\n<\/div>\n\t\t\t\t<\/div>\n\t\t\t\t<\/div>\n\t\t\t\t<div class=\"elementor-element elementor-element-23af941 elementor-widget elementor-widget-montagne_core_section_title\" data-id=\"23af941\" data-element_type=\"widget\" data-e-type=\"widget\" data-widget_type=\"montagne_core_section_title.default\">\n\t\t\t\t<div class=\"elementor-widget-container\">\n\t\t\t\t\t<div class=\"qodef-shortcode qodef-m qodef-section-title qodef-alignment--left\">\n\t\t\t<h2 class=\"qodef-m-title\" >\n\t\t\t\t\tDiv\u010dibare Ski Resort\t\t\t<\/h2>\n\t<\/div>\n\t\t\t\t<\/div>\n\t\t\t\t<\/div>\n\t\t\t\t<div class=\"elementor-element elementor-element-cf6c097 elementor-widget elementor-widget-text-editor\" data-id=\"cf6c097\" data-element_type=\"widget\" data-e-type=\"widget\" data-widget_type=\"text-editor.default\">\n\t\t\t\t\t\t\t\t\t<p><strong>Div\u010dibare Ski Resort<\/strong>, with its rich offer of activities throughout the year and proximity to key urban centers, becomes an indispensable destination for rest, relaxation and adventure. Regardless of the season, visitors can enjoy a variety of activities and enhance their stay on this beautiful mountain.<\/p>\t\t\t\t\t\t\t\t<\/div>\n\t\t\t\t<div class=\"elementor-element elementor-element-c53d2cf elementor-widget elementor-widget-montagne_core_section_title\" data-id=\"c53d2cf\" data-element_type=\"widget\" data-e-type=\"widget\" data-widget_type=\"montagne_core_section_title.default\">\n\t\t\t\t<div class=\"elementor-widget-container\">\n\t\t\t\t\t<div class=\"qodef-shortcode qodef-m qodef-section-title qodef-alignment--left\">\n\t\t\t<h3 class=\"qodef-m-title\" >\n\t\t\t\t\tManagment\t\t\t<\/h3>\n\t<\/div>\n\t\t\t\t<\/div>\n\t\t\t\t<\/div>\n\t\t\t\t<div class=\"elementor-element elementor-element-3dcde57 elementor-widget elementor-widget-text-editor\" data-id=\"3dcde57\" data-element_type=\"widget\" data-e-type=\"widget\" data-widget_type=\"text-editor.default\">\n\t\t\t\t\t\t\t\t\t<p>The people who run Div\u010dibare Ski Resort have been preparing for this role for years. Our management has been here for a long time, but not for work, but for nature and adventure. They grew up in Valjevo, as excellent skiers they visited the top destinations in the region and wanted to share part of that experience with you. The decision to lease the track and start the Div\u010dibare Ski Resort was not only a business one, but also an emotional one.<\/p>\t\t\t\t\t\t\t\t<\/div>\n\t\t\t\t<div class=\"elementor-element elementor-element-135dd82 elementor-widget elementor-widget-montagne_core_section_title\" data-id=\"135dd82\" data-element_type=\"widget\" data-e-type=\"widget\" data-widget_type=\"montagne_core_section_title.default\">\n\t\t\t\t<div class=\"elementor-widget-container\">\n\t\t\t\t\t<div class=\"qodef-shortcode qodef-m qodef-section-title qodef-alignment--left\">\n\t\t\t<h3 class=\"qodef-m-title\" >\n\t\t\t\t\tVision\t\t\t<\/h3>\n\t<\/div>\n\t\t\t\t<\/div>\n\t\t\t\t<\/div>\n\t\t\t\t<div class=\"elementor-element elementor-element-3ca6256 elementor-widget elementor-widget-text-editor\" data-id=\"3ca6256\" data-element_type=\"widget\" data-e-type=\"widget\" data-widget_type=\"text-editor.default\">\n\t\t\t\t\t\t\t\t\t<p>In just a few months after leasing the ski slope in 2016, we renovated the cable car at Crno vrh, arranged the parking lot and provided new access to the slope. And on the eve of the 2017 ski season, we introduced an artificial snowmaking system to the track. During the summer, we organize panoramic cable car rides, archery, mountain biking, zip line. Our wish is for Div\u010dibare Ski Resort to be a gathering place for all lovers of sports and active holidays in nature. Share your giant adventure with us!<\/p>\t\t\t\t\t\t\t\t<\/div>\n\t\t\t\t<div class=\"elementor-element elementor-element-03d9a79 elementor-widget elementor-widget-montagne_core_section_title\" data-id=\"03d9a79\" data-element_type=\"widget\" data-e-type=\"widget\" data-widget_type=\"montagne_core_section_title.default\">\n\t\t\t\t<div class=\"elementor-widget-container\">\n\t\t\t\t\t<div class=\"qodef-shortcode qodef-m qodef-section-title qodef-alignment--left\">\n\t\t\t<h3 class=\"qodef-m-title\" >\n\t\t\t\t\tMission\t\t\t<\/h3>\n\t<\/div>\n\t\t\t\t<\/div>\n\t\t\t\t<\/div>\n\t\t\t\t<div class=\"elementor-element elementor-element-4d3fdb0 elementor-widget elementor-widget-text-editor\" data-id=\"4d3fdb0\" data-element_type=\"widget\" data-e-type=\"widget\" data-widget_type=\"text-editor.default\">\n\t\t\t\t\t\t\t\t\t<p>Div\u010dibare Ski Resort aims to establish a new tourist destination with a new concept through a wide range of activities and events. The popularization of winter sports, thematic workshops, musical events, extreme sports &#8211; all in one place &#8211; will create reasons to keep coming back and checking out a new kind of joy and adventure.<\/p>\t\t\t\t\t\t\t\t<\/div>\n\t\t\t\t\t<\/div>\n\t\t<\/div>\n\t\t\t\t<div class=\"elementor-column elementor-col-50 elementor-top-column elementor-element elementor-element-ec065d8\" data-id=\"ec065d8\" data-element_type=\"column\" data-e-type=\"column\">\n\t\t\t<div class=\"elementor-widget-wrap elementor-element-populated\">\n\t\t\t\t\t\t<div class=\"elementor-element elementor-element-7b5e7cb elementor-widget elementor-widget-image\" data-id=\"7b5e7cb\" data-element_type=\"widget\" data-e-type=\"widget\" data-widget_type=\"image.default\">\n\t\t\t\t\t\t\t\t\t\t\t\t\t\t\t<img fetchpriority=\"high\" decoding=\"async\" width=\"1334\" height=\"2000\" src=\"https:\/\/divcibareskiresort.com\/wp-content\/uploads\/2025\/12\/HMM_8226.jpg\" class=\"attachment-full size-full wp-image-10934\" alt=\"\" srcset=\"https:\/\/divcibareskiresort.com\/wp-content\/uploads\/2025\/12\/HMM_8226.jpg 1334w, https:\/\/divcibareskiresort.com\/wp-content\/uploads\/2025\/12\/HMM_8226-200x300.jpg 200w, https:\/\/divcibareskiresort.com\/wp-content\/uploads\/2025\/12\/HMM_8226-683x1024.jpg 683w, https:\/\/divcibareskiresort.com\/wp-content\/uploads\/2025\/12\/HMM_8226-768x1151.jpg 768w, https:\/\/divcibareskiresort.com\/wp-content\/uploads\/2025\/12\/HMM_8226-1025x1536.jpg 1025w, https:\/\/divcibareskiresort.com\/wp-content\/uploads\/2025\/12\/HMM_8226-600x900.jpg 600w\" sizes=\"(max-width: 1334px) 100vw, 1334px\" \/>\t\t\t\t\t\t\t\t\t\t\t\t\t\t\t<\/div>\n\t\t\t\t\t<\/div>\n\t\t<\/div>\n\t\t\t\t\t<\/div>\n\t\t<\/section>\n\t\t<div class=\"elementor-element elementor-element-46434e8 e-con-full e-flex qodef-elementor-content-no e-con e-parent\" data-id=\"46434e8\" data-element_type=\"container\" data-e-type=\"container\">\n\t\t<div class=\"elementor-element elementor-element-b5510b1 e-con-full e-flex qodef-elementor-content-no e-con e-child\" data-id=\"b5510b1\" data-element_type=\"container\" data-e-type=\"container\">\n\t\t\t\t<div class=\"elementor-element elementor-element-c3f3ba6 elementor-widget elementor-widget-montagne_core_google_map\" data-id=\"c3f3ba6\" data-element_type=\"widget\" data-e-type=\"widget\" data-widget_type=\"montagne_core_google_map.default\">\n\t\t\t\t<div class=\"elementor-widget-container\">\n\t\t\t\t\t<div class=\"qodef-shortcode qodef-m qodef-google-map\">\n\t<div class=\"qodef-m-map\" id=\"qodef-map-id--95\" data-addresses='[\"Div\u010dibare Ski Resort\"]' data-pin=https:\/\/divcibareskiresort.com\/wp-content\/uploads\/2021\/10\/rev-map-pin-e1639390508635.png data-unique-id=95 data-height=500><\/div>\n<\/div>\n\t\t\t\t<\/div>\n\t\t\t\t<\/div>\n\t\t\t\t<\/div>\n\t\t\t\t<\/div>\n\t\t\t\t<\/div>\n\t\t","protected":false},"excerpt":{"rendered":"<p>About us About us Div\u010dibare Div\u010dibare Mountain, located in the western part of Serbia, is one of the most popular tourist destinations in the country due to its diverse offer throughout the year. With its proximity and good connection to big cities, Div\u010dibare becomes an easily accessible destination for all those who yearn for a [&hellip;]<\/p>\n","protected":false},"author":1,"featured_media":0,"parent":0,"menu_order":0,"comment_status":"closed","ping_status":"closed","template":"page-full-width.php","meta":{"inline_featured_image":false,"footnotes":""},"class_list":["post-11491","page","type-page","status-publish","hentry"],"yoast_head":"<!-- This site is optimized with the Yoast SEO plugin v27.0 - https:\/\/yoast.com\/product\/yoast-seo-wordpress\/ -->\n<title>About us - Div\u010dibare Ski Resort - Zimski i letnji sadr\u017eaji za sve generacije<\/title>\n<meta name=\"robots\" content=\"index, follow, max-snippet:-1, max-image-preview:large, max-video-preview:-1\" \/>\n<link rel=\"canonical\" href=\"https:\/\/divcibareskiresort.com\/en\/about-us\/\" \/>\n<meta property=\"og:locale\" content=\"en_US\" \/>\n<meta property=\"og:type\" content=\"article\" \/>\n<meta property=\"og:title\" content=\"About us - Div\u010dibare Ski Resort - Zimski i letnji sadr\u017eaji za sve generacije\" \/>\n<meta property=\"og:description\" content=\"About us About us Div\u010dibare Div\u010dibare Mountain, located in the western part of Serbia, is one of the most popular tourist destinations in the country due to its diverse offer throughout the year. With its proximity and good connection to big cities, Div\u010dibare becomes an easily accessible destination for all those who yearn for a [&hellip;]\" \/>\n<meta property=\"og:url\" content=\"https:\/\/divcibareskiresort.com\/en\/about-us\/\" \/>\n<meta property=\"og:site_name\" content=\"Div\u010dibare Ski Resort - Zimski i letnji sadr\u017eaji za sve generacije\" \/>\n<meta property=\"article:publisher\" content=\"https:\/\/www.facebook.com\/divcibareskiresort\" \/>\n<meta property=\"article:modified_time\" content=\"2026-02-21T14:04:28+00:00\" \/>\n<meta property=\"og:image\" content=\"https:\/\/divcibareskiresort.com\/wp-content\/uploads\/2025\/12\/HMM_8226.jpg\" \/>\n<meta name=\"twitter:card\" content=\"summary_large_image\" \/>\n<meta name=\"twitter:label1\" content=\"Est. reading time\" \/>\n\t<meta name=\"twitter:data1\" content=\"15 minutes\" \/>\n<script type=\"application\/ld+json\" class=\"yoast-schema-graph\">{\"@context\":\"https:\/\/schema.org\",\"@graph\":[{\"@type\":\"WebPage\",\"@id\":\"https:\/\/divcibareskiresort.com\/en\/about-us\/\",\"url\":\"https:\/\/divcibareskiresort.com\/en\/about-us\/\",\"name\":\"About us - Div\u010dibare Ski Resort - Zimski i letnji sadr\u017eaji za sve generacije\",\"isPartOf\":{\"@id\":\"https:\/\/divcibareskiresort.com\/en\/#website\"},\"primaryImageOfPage\":{\"@id\":\"https:\/\/divcibareskiresort.com\/en\/about-us\/#primaryimage\"},\"image\":{\"@id\":\"https:\/\/divcibareskiresort.com\/en\/about-us\/#primaryimage\"},\"thumbnailUrl\":\"https:\/\/divcibareskiresort.com\/wp-content\/uploads\/2025\/12\/HMM_8226.jpg\",\"datePublished\":\"2025-12-13T14:21:32+00:00\",\"dateModified\":\"2026-02-21T14:04:28+00:00\",\"breadcrumb\":{\"@id\":\"https:\/\/divcibareskiresort.com\/en\/about-us\/#breadcrumb\"},\"inLanguage\":\"en-US\",\"potentialAction\":[{\"@type\":\"ReadAction\",\"target\":[\"https:\/\/divcibareskiresort.com\/en\/about-us\/\"]}]},{\"@type\":\"ImageObject\",\"inLanguage\":\"en-US\",\"@id\":\"https:\/\/divcibareskiresort.com\/en\/about-us\/#primaryimage\",\"url\":\"https:\/\/divcibareskiresort.com\/wp-content\/uploads\/2025\/12\/HMM_8226.jpg\",\"contentUrl\":\"https:\/\/divcibareskiresort.com\/wp-content\/uploads\/2025\/12\/HMM_8226.jpg\"},{\"@type\":\"BreadcrumbList\",\"@id\":\"https:\/\/divcibareskiresort.com\/en\/about-us\/#breadcrumb\",\"itemListElement\":[{\"@type\":\"ListItem\",\"position\":1,\"name\":\"Po\u010detna\",\"item\":\"https:\/\/divcibareskiresort.com\/en\/\"},{\"@type\":\"ListItem\",\"position\":2,\"name\":\"About us\"}]},{\"@type\":\"WebSite\",\"@id\":\"https:\/\/divcibareskiresort.com\/en\/#website\",\"url\":\"https:\/\/divcibareskiresort.com\/en\/\",\"name\":\"Div\u010dibare Ski Resort - Zimski i letnji sadr\u017eaji za sve generacije\",\"description\":\"\",\"publisher\":{\"@id\":\"https:\/\/divcibareskiresort.com\/en\/#organization\"},\"potentialAction\":[{\"@type\":\"SearchAction\",\"target\":{\"@type\":\"EntryPoint\",\"urlTemplate\":\"https:\/\/divcibareskiresort.com\/en\/?s={search_term_string}\"},\"query-input\":{\"@type\":\"PropertyValueSpecification\",\"valueRequired\":true,\"valueName\":\"search_term_string\"}}],\"inLanguage\":\"en-US\"},{\"@type\":\"Organization\",\"@id\":\"https:\/\/divcibareskiresort.com\/en\/#organization\",\"name\":\"Div\u010dibare Ski Resort - Zimski i letnji sadr\u017eaji za sve generacije\",\"url\":\"https:\/\/divcibareskiresort.com\/en\/\",\"logo\":{\"@type\":\"ImageObject\",\"inLanguage\":\"en-US\",\"@id\":\"https:\/\/divcibareskiresort.com\/en\/#\/schema\/logo\/image\/\",\"url\":\"https:\/\/divcibareskiresort.com\/wp-content\/uploads\/2025\/11\/divcibareskiresort-logo-black.png\",\"contentUrl\":\"https:\/\/divcibareskiresort.com\/wp-content\/uploads\/2025\/11\/divcibareskiresort-logo-black.png\",\"width\":177,\"height\":61,\"caption\":\"Div\u010dibare Ski Resort - Zimski i letnji sadr\u017eaji za sve generacije\"},\"image\":{\"@id\":\"https:\/\/divcibareskiresort.com\/en\/#\/schema\/logo\/image\/\"},\"sameAs\":[\"https:\/\/www.facebook.com\/divcibareskiresort\",\"https:\/\/www.instagram.com\/divcibareskires\/\"]}]}<\/script>\n<!-- \/ Yoast SEO plugin. -->","yoast_head_json":{"title":"About us - Div\u010dibare Ski Resort - Zimski i letnji sadr\u017eaji za sve generacije","robots":{"index":"index","follow":"follow","max-snippet":"max-snippet:-1","max-image-preview":"max-image-preview:large","max-video-preview":"max-video-preview:-1"},"canonical":"https:\/\/divcibareskiresort.com\/en\/about-us\/","og_locale":"en_US","og_type":"article","og_title":"About us - Div\u010dibare Ski Resort - Zimski i letnji sadr\u017eaji za sve generacije","og_description":"About us About us Div\u010dibare Div\u010dibare Mountain, located in the western part of Serbia, is one of the most popular tourist destinations in the country due to its diverse offer throughout the year. With its proximity and good connection to big cities, Div\u010dibare becomes an easily accessible destination for all those who yearn for a [&hellip;]","og_url":"https:\/\/divcibareskiresort.com\/en\/about-us\/","og_site_name":"Div\u010dibare Ski Resort - Zimski i letnji sadr\u017eaji za sve generacije","article_publisher":"https:\/\/www.facebook.com\/divcibareskiresort","article_modified_time":"2026-02-21T14:04:28+00:00","og_image":[{"url":"https:\/\/divcibareskiresort.com\/wp-content\/uploads\/2025\/12\/HMM_8226.jpg","type":"","width":"","height":""}],"twitter_card":"summary_large_image","twitter_misc":{"Est. reading time":"15 minutes"},"schema":{"@context":"https:\/\/schema.org","@graph":[{"@type":"WebPage","@id":"https:\/\/divcibareskiresort.com\/en\/about-us\/","url":"https:\/\/divcibareskiresort.com\/en\/about-us\/","name":"About us - Div\u010dibare Ski Resort - Zimski i letnji sadr\u017eaji za sve generacije","isPartOf":{"@id":"https:\/\/divcibareskiresort.com\/en\/#website"},"primaryImageOfPage":{"@id":"https:\/\/divcibareskiresort.com\/en\/about-us\/#primaryimage"},"image":{"@id":"https:\/\/divcibareskiresort.com\/en\/about-us\/#primaryimage"},"thumbnailUrl":"https:\/\/divcibareskiresort.com\/wp-content\/uploads\/2025\/12\/HMM_8226.jpg","datePublished":"2025-12-13T14:21:32+00:00","dateModified":"2026-02-21T14:04:28+00:00","breadcrumb":{"@id":"https:\/\/divcibareskiresort.com\/en\/about-us\/#breadcrumb"},"inLanguage":"en-US","potentialAction":[{"@type":"ReadAction","target":["https:\/\/divcibareskiresort.com\/en\/about-us\/"]}]},{"@type":"ImageObject","inLanguage":"en-US","@id":"https:\/\/divcibareskiresort.com\/en\/about-us\/#primaryimage","url":"https:\/\/divcibareskiresort.com\/wp-content\/uploads\/2025\/12\/HMM_8226.jpg","contentUrl":"https:\/\/divcibareskiresort.com\/wp-content\/uploads\/2025\/12\/HMM_8226.jpg"},{"@type":"BreadcrumbList","@id":"https:\/\/divcibareskiresort.com\/en\/about-us\/#breadcrumb","itemListElement":[{"@type":"ListItem","position":1,"name":"Po\u010detna","item":"https:\/\/divcibareskiresort.com\/en\/"},{"@type":"ListItem","position":2,"name":"About us"}]},{"@type":"WebSite","@id":"https:\/\/divcibareskiresort.com\/en\/#website","url":"https:\/\/divcibareskiresort.com\/en\/","name":"Div\u010dibare Ski Resort - Zimski i letnji sadr\u017eaji za sve generacije","description":"","publisher":{"@id":"https:\/\/divcibareskiresort.com\/en\/#organization"},"potentialAction":[{"@type":"SearchAction","target":{"@type":"EntryPoint","urlTemplate":"https:\/\/divcibareskiresort.com\/en\/?s={search_term_string}"},"query-input":{"@type":"PropertyValueSpecification","valueRequired":true,"valueName":"search_term_string"}}],"inLanguage":"en-US"},{"@type":"Organization","@id":"https:\/\/divcibareskiresort.com\/en\/#organization","name":"Div\u010dibare Ski Resort - Zimski i letnji sadr\u017eaji za sve generacije","url":"https:\/\/divcibareskiresort.com\/en\/","logo":{"@type":"ImageObject","inLanguage":"en-US","@id":"https:\/\/divcibareskiresort.com\/en\/#\/schema\/logo\/image\/","url":"https:\/\/divcibareskiresort.com\/wp-content\/uploads\/2025\/11\/divcibareskiresort-logo-black.png","contentUrl":"https:\/\/divcibareskiresort.com\/wp-content\/uploads\/2025\/11\/divcibareskiresort-logo-black.png","width":177,"height":61,"caption":"Div\u010dibare Ski Resort - Zimski i letnji sadr\u017eaji za sve generacije"},"image":{"@id":"https:\/\/divcibareskiresort.com\/en\/#\/schema\/logo\/image\/"},"sameAs":["https:\/\/www.facebook.com\/divcibareskiresort","https:\/\/www.instagram.com\/divcibareskires\/"]}]}},"_links":{"self":[{"href":"https:\/\/divcibareskiresort.com\/en\/wp-json\/wp\/v2\/pages\/11491","targetHints":{"allow":["GET"]}}],"collection":[{"href":"https:\/\/divcibareskiresort.com\/en\/wp-json\/wp\/v2\/pages"}],"about":[{"href":"https:\/\/divcibareskiresort.com\/en\/wp-json\/wp\/v2\/types\/page"}],"author":[{"embeddable":true,"href":"https:\/\/divcibareskiresort.com\/en\/wp-json\/wp\/v2\/users\/1"}],"replies":[{"embeddable":true,"href":"https:\/\/divcibareskiresort.com\/en\/wp-json\/wp\/v2\/comments?post=11491"}],"version-history":[{"count":8,"href":"https:\/\/divcibareskiresort.com\/en\/wp-json\/wp\/v2\/pages\/11491\/revisions"}],"predecessor-version":[{"id":11980,"href":"https:\/\/divcibareskiresort.com\/en\/wp-json\/wp\/v2\/pages\/11491\/revisions\/11980"}],"wp:attachment":[{"href":"https:\/\/divcibareskiresort.com\/en\/wp-json\/wp\/v2\/media?parent=11491"}],"curies":[{"name":"wp","href":"https:\/\/api.w.org\/{rel}","templated":true}]}}